{"id":146,"date":"2018-02-09T09:09:44","date_gmt":"2018-02-09T09:09:44","guid":{"rendered":"https:\/\/gandesa.cat\/biblioteca\/?page_id=146"},"modified":"2020-10-25T09:16:38","modified_gmt":"2020-10-25T09:16:38","slug":"reglament-de-la-biblioteca-de-gandesa","status":"publish","type":"page","link":"https:\/\/gandesa.cat\/biblioteca\/reglament-de-la-biblioteca-de-gandesa\/","title":{"rendered":"Reglament de la biblioteca de Gandesa"},"content":{"rendered":"<div class=\"fusion-fullwidth fullwidth-box fusion-builder-row-1 hundred-percent-fullwidth non-hundred-percent-height-scrolling\" style=\"--awb-border-radius-top-left:0px;--awb-border-radius-top-right:0px;--awb-border-radius-bottom-right:0px;--awb-border-radius-bottom-left:0px;--awb-overflow:visible;--awb-flex-wrap:wrap;\" ><div class=\"fusion-builder-row fusion-row\"><div class=\"fusion-layout-column fusion_builder_column fusion-builder-column-0 fusion_builder_column_1_2 1_2 fusion-one-half fusion-column-first\" style=\"--awb-bg-size:cover;width:48%; margin-right: 4%;\"><div class=\"fusion-column-wrapper fusion-flex-column-wrapper-legacy\"><div class=\"fusion-text fusion-text-1\"><p><strong>REGLAMENT DE LA BIBLIOTECA DE GANDESA<\/strong><\/p>\n<p>La biblioteca p\u00fablica, segons defineix el Manifest de la UNESCO de la Biblioteca P\u00fablica en la seva versi\u00f3 de 1994, \u00e9s un centre local d&#8217;informaci\u00f3 que t\u00e9 com a missi\u00f3 facilitar l\u2019acc\u00e9s lliure i sense l\u00edmits al coneixement, al pensament, a la cultura i a la informaci\u00f3.<br \/>\nLa Biblioteca \u00e9s un servei p\u00fablic municipal d\u2019atenci\u00f3 al ciutad\u00e0, el qual tindr\u00e0 dret a accedir-hi lliurement i utilitzar els seus serveis en l\u2019horari d\u2019obertura al p\u00fablic, sense cap mena de restricci\u00f3 per raons de tipus ideol\u00f2gic, \u00e8tnic o social, i sempre que es respecte la normativa espec\u00edfica de la Biblioteca.<br \/>\nAquest reglament t\u00e9 per objecte regular el funcionament i la prestaci\u00f3 p\u00fablica de serveis de la Biblioteca de Gandesa Doctor Moss\u00e8n Joan Baptista Many\u00e0 I Alcoverro.<\/p>\n<\/div><div class=\"fusion-clearfix\"><\/div><\/div><\/div><div class=\"fusion-layout-column fusion_builder_column fusion-builder-column-1 fusion_builder_column_1_2 1_2 fusion-one-half fusion-column-last\" style=\"--awb-bg-size:cover;width:48%;\"><div class=\"fusion-column-wrapper fusion-flex-column-wrapper-legacy\"><div class=\"fusion-text fusion-text-2\"><p><a href=\"https:\/\/gandesa.cat\/biblioteca\/wp-content\/uploads\/sites\/2\/2018\/02\/Normativa-BibGan.pdf\">Normativa Biblioteca de Gandesa<\/a><\/p>\n<\/div><div class=\"fusion-image-element in-legacy-container\" style=\"--awb-caption-title-font-family:var(--h2_typography-font-family);--awb-caption-title-font-weight:var(--h2_typography-font-weight);--awb-caption-title-font-style:var(--h2_typography-font-style);--awb-caption-title-size:var(--h2_typography-font-size);--awb-caption-title-transform:var(--h2_typography-text-transform);--awb-caption-title-line-height:var(--h2_typography-line-height);--awb-caption-title-letter-spacing:var(--h2_typography-letter-spacing);\"><span class=\" fusion-imageframe imageframe-dropshadow imageframe-1 hover-type-zoomin\" style=\"-webkit-box-shadow: 3px 3px 7px rgba(0,0,0,0.3);box-shadow: 3px 3px 7px rgba(0,0,0,0.3);\"><a class=\"fusion-no-lightbox\" href=\"https:\/\/gandesa.cat\/biblioteca\/wp-content\/uploads\/sites\/2\/2018\/02\/Normativa-BibGan.pdf\" target=\"_blank\" aria-label=\"normativa\" rel=\"noopener noreferrer\"><img decoding=\"async\" width=\"455\" height=\"640\" src=\"https:\/\/gandesa.cat\/biblioteca\/wp-content\/uploads\/sites\/2\/2018\/02\/normativa.jpg\" alt class=\"img-responsive wp-image-149\" srcset=\"https:\/\/gandesa.cat\/biblioteca\/wp-content\/uploads\/sites\/2\/2018\/02\/normativa-21x30.jpg 21w, https:\/\/gandesa.cat\/biblioteca\/wp-content\/uploads\/sites\/2\/2018\/02\/normativa-213x300.jpg 213w, https:\/\/gandesa.cat\/biblioteca\/wp-content\/uploads\/sites\/2\/2018\/02\/normativa.jpg 455w\" sizes=\"(max-width: 455px) 100vw, 455px\" \/><\/a><\/span><\/div><div class=\"fusion-clearfix\"><\/div><\/div><\/div><\/div><\/div>\n","protected":false},"excerpt":{"rendered":"","protected":false},"author":1,"featured_media":0,"parent":0,"menu_order":0,"comment_status":"closed","ping_status":"closed","template":"","meta":{"_bbp_topic_count":0,"_bbp_reply_count":0,"_bbp_total_topic_count":0,"_bbp_total_reply_count":0,"_bbp_voice_count":0,"_bbp_anonymous_reply_count":0,"_bbp_topic_count_hidden":0,"_bbp_reply_count_hidden":0,"_bbp_forum_subforum_count":0,"ngg_post_thumbnail":0,"footnotes":""},"class_list":["post-146","page","type-page","status-publish","hentry"],"yoast_head":"<!-- This site is optimized with the Yoast SEO plugin v26.4 - https:\/\/yoast.com\/wordpress\/plugins\/seo\/ -->\n<title>Reglament de la biblioteca de Gandesa - Biblioteca Municipal de Gandesa<\/title>\n<meta name=\"robots\" content=\"index, follow, max-snippet:-1, max-image-preview:large, max-video-preview:-1\" \/>\n<link rel=\"canonical\" href=\"https:\/\/gandesa.cat\/biblioteca\/reglament-de-la-biblioteca-de-gandesa\/\" \/>\n<meta property=\"og:locale\" content=\"ca_ES\" \/>\n<meta property=\"og:type\" content=\"article\" \/>\n<meta property=\"og:title\" content=\"Reglament de la biblioteca de Gandesa - Biblioteca Municipal de Gandesa\" \/>\n<meta property=\"og:url\" content=\"https:\/\/gandesa.cat\/biblioteca\/reglament-de-la-biblioteca-de-gandesa\/\" \/>\n<meta property=\"og:site_name\" content=\"Biblioteca Municipal de Gandesa\" \/>\n<meta property=\"article:modified_time\" content=\"2020-10-25T09:16:38+00:00\" \/>\n<meta property=\"og:image\" content=\"https:\/\/gandesa.cat\/biblioteca\/wp-content\/uploads\/sites\/2\/2018\/02\/normativa.jpg\" \/>\n<meta name=\"twitter:card\" content=\"summary_large_image\" \/>\n<meta name=\"twitter:label1\" content=\"Temps estimat de lectura\" \/>\n\t<meta name=\"twitter:data1\" content=\"2 minuts\" \/>\n<script type=\"application\/ld+json\" class=\"yoast-schema-graph\">{\"@context\":\"https:\/\/schema.org\",\"@graph\":[{\"@type\":\"WebPage\",\"@id\":\"https:\/\/gandesa.cat\/biblioteca\/reglament-de-la-biblioteca-de-gandesa\/\",\"url\":\"https:\/\/gandesa.cat\/biblioteca\/reglament-de-la-biblioteca-de-gandesa\/\",\"name\":\"Reglament de la biblioteca de Gandesa - Biblioteca Municipal de Gandesa\",\"isPartOf\":{\"@id\":\"https:\/\/gandesa.cat\/biblioteca\/#website\"},\"primaryImageOfPage\":{\"@id\":\"https:\/\/gandesa.cat\/biblioteca\/reglament-de-la-biblioteca-de-gandesa\/#primaryimage\"},\"image\":{\"@id\":\"https:\/\/gandesa.cat\/biblioteca\/reglament-de-la-biblioteca-de-gandesa\/#primaryimage\"},\"thumbnailUrl\":\"https:\/\/gandesa.cat\/biblioteca\/wp-content\/uploads\/sites\/2\/2018\/02\/normativa.jpg\",\"datePublished\":\"2018-02-09T09:09:44+00:00\",\"dateModified\":\"2020-10-25T09:16:38+00:00\",\"breadcrumb\":{\"@id\":\"https:\/\/gandesa.cat\/biblioteca\/reglament-de-la-biblioteca-de-gandesa\/#breadcrumb\"},\"inLanguage\":\"ca\",\"potentialAction\":[{\"@type\":\"ReadAction\",\"target\":[\"https:\/\/gandesa.cat\/biblioteca\/reglament-de-la-biblioteca-de-gandesa\/\"]}]},{\"@type\":\"ImageObject\",\"inLanguage\":\"ca\",\"@id\":\"https:\/\/gandesa.cat\/biblioteca\/reglament-de-la-biblioteca-de-gandesa\/#primaryimage\",\"url\":\"https:\/\/gandesa.cat\/biblioteca\/wp-content\/uploads\/sites\/2\/2018\/02\/normativa.jpg\",\"contentUrl\":\"https:\/\/gandesa.cat\/biblioteca\/wp-content\/uploads\/sites\/2\/2018\/02\/normativa.jpg\"},{\"@type\":\"BreadcrumbList\",\"@id\":\"https:\/\/gandesa.cat\/biblioteca\/reglament-de-la-biblioteca-de-gandesa\/#breadcrumb\",\"itemListElement\":[{\"@type\":\"ListItem\",\"position\":1,\"name\":\"Home\",\"item\":\"https:\/\/gandesa.cat\/biblioteca\/\"},{\"@type\":\"ListItem\",\"position\":2,\"name\":\"Reglament de la biblioteca de Gandesa\"}]},{\"@type\":\"WebSite\",\"@id\":\"https:\/\/gandesa.cat\/biblioteca\/#website\",\"url\":\"https:\/\/gandesa.cat\/biblioteca\/\",\"name\":\"Biblioteca Municipal de Gandesa\",\"description\":\"\",\"potentialAction\":[{\"@type\":\"SearchAction\",\"target\":{\"@type\":\"EntryPoint\",\"urlTemplate\":\"https:\/\/gandesa.cat\/biblioteca\/?s={search_term_string}\"},\"query-input\":{\"@type\":\"PropertyValueSpecification\",\"valueRequired\":true,\"valueName\":\"search_term_string\"}}],\"inLanguage\":\"ca\"}]}<\/script>\n<!-- \/ Yoast SEO plugin. -->","yoast_head_json":{"title":"Reglament de la biblioteca de Gandesa - Biblioteca Municipal de Gandesa","robots":{"index":"index","follow":"follow","max-snippet":"max-snippet:-1","max-image-preview":"max-image-preview:large","max-video-preview":"max-video-preview:-1"},"canonical":"https:\/\/gandesa.cat\/biblioteca\/reglament-de-la-biblioteca-de-gandesa\/","og_locale":"ca_ES","og_type":"article","og_title":"Reglament de la biblioteca de Gandesa - Biblioteca Municipal de Gandesa","og_url":"https:\/\/gandesa.cat\/biblioteca\/reglament-de-la-biblioteca-de-gandesa\/","og_site_name":"Biblioteca Municipal de Gandesa","article_modified_time":"2020-10-25T09:16:38+00:00","og_image":[{"url":"https:\/\/gandesa.cat\/biblioteca\/wp-content\/uploads\/sites\/2\/2018\/02\/normativa.jpg","type":"","width":"","height":""}],"twitter_card":"summary_large_image","twitter_misc":{"Temps estimat de lectura":"2 minuts"},"schema":{"@context":"https:\/\/schema.org","@graph":[{"@type":"WebPage","@id":"https:\/\/gandesa.cat\/biblioteca\/reglament-de-la-biblioteca-de-gandesa\/","url":"https:\/\/gandesa.cat\/biblioteca\/reglament-de-la-biblioteca-de-gandesa\/","name":"Reglament de la biblioteca de Gandesa - Biblioteca Municipal de Gandesa","isPartOf":{"@id":"https:\/\/gandesa.cat\/biblioteca\/#website"},"primaryImageOfPage":{"@id":"https:\/\/gandesa.cat\/biblioteca\/reglament-de-la-biblioteca-de-gandesa\/#primaryimage"},"image":{"@id":"https:\/\/gandesa.cat\/biblioteca\/reglament-de-la-biblioteca-de-gandesa\/#primaryimage"},"thumbnailUrl":"https:\/\/gandesa.cat\/biblioteca\/wp-content\/uploads\/sites\/2\/2018\/02\/normativa.jpg","datePublished":"2018-02-09T09:09:44+00:00","dateModified":"2020-10-25T09:16:38+00:00","breadcrumb":{"@id":"https:\/\/gandesa.cat\/biblioteca\/reglament-de-la-biblioteca-de-gandesa\/#breadcrumb"},"inLanguage":"ca","potentialAction":[{"@type":"ReadAction","target":["https:\/\/gandesa.cat\/biblioteca\/reglament-de-la-biblioteca-de-gandesa\/"]}]},{"@type":"ImageObject","inLanguage":"ca","@id":"https:\/\/gandesa.cat\/biblioteca\/reglament-de-la-biblioteca-de-gandesa\/#primaryimage","url":"https:\/\/gandesa.cat\/biblioteca\/wp-content\/uploads\/sites\/2\/2018\/02\/normativa.jpg","contentUrl":"https:\/\/gandesa.cat\/biblioteca\/wp-content\/uploads\/sites\/2\/2018\/02\/normativa.jpg"},{"@type":"BreadcrumbList","@id":"https:\/\/gandesa.cat\/biblioteca\/reglament-de-la-biblioteca-de-gandesa\/#breadcrumb","itemListElement":[{"@type":"ListItem","position":1,"name":"Home","item":"https:\/\/gandesa.cat\/biblioteca\/"},{"@type":"ListItem","position":2,"name":"Reglament de la biblioteca de Gandesa"}]},{"@type":"WebSite","@id":"https:\/\/gandesa.cat\/biblioteca\/#website","url":"https:\/\/gandesa.cat\/biblioteca\/","name":"Biblioteca Municipal de Gandesa","description":"","potentialAction":[{"@type":"SearchAction","target":{"@type":"EntryPoint","urlTemplate":"https:\/\/gandesa.cat\/biblioteca\/?s={search_term_string}"},"query-input":{"@type":"PropertyValueSpecification","valueRequired":true,"valueName":"search_term_string"}}],"inLanguage":"ca"}]}},"_links":{"self":[{"href":"https:\/\/gandesa.cat\/biblioteca\/wp-json\/wp\/v2\/pages\/146","targetHints":{"allow":["GET"]}}],"collection":[{"href":"https:\/\/gandesa.cat\/biblioteca\/wp-json\/wp\/v2\/pages"}],"about":[{"href":"https:\/\/gandesa.cat\/biblioteca\/wp-json\/wp\/v2\/types\/page"}],"author":[{"embeddable":true,"href":"https:\/\/gandesa.cat\/biblioteca\/wp-json\/wp\/v2\/users\/1"}],"replies":[{"embeddable":true,"href":"https:\/\/gandesa.cat\/biblioteca\/wp-json\/wp\/v2\/comments?post=146"}],"version-history":[{"count":6,"href":"https:\/\/gandesa.cat\/biblioteca\/wp-json\/wp\/v2\/pages\/146\/revisions"}],"predecessor-version":[{"id":272,"href":"https:\/\/gandesa.cat\/biblioteca\/wp-json\/wp\/v2\/pages\/146\/revisions\/272"}],"wp:attachment":[{"href":"https:\/\/gandesa.cat\/biblioteca\/wp-json\/wp\/v2\/media?parent=146"}],"curies":[{"name":"wp","href":"https:\/\/api.w.org\/{rel}","templated":true}]}}