{"id":26,"date":"2016-06-09T16:46:52","date_gmt":"2016-06-09T16:46:52","guid":{"rendered":"https:\/\/gandesa.cat\/biblioteca\/?page_id=26"},"modified":"2021-10-14T12:12:58","modified_gmt":"2021-10-14T12:12:58","slug":"serveis_en_linia","status":"publish","type":"page","link":"https:\/\/gandesa.cat\/biblioteca\/serveis_en_linia\/","title":{"rendered":"Serveis en l\u00ednia"},"content":{"rendered":"<p><div class=\"fusion-fullwidth fullwidth-box fusion-builder-row-1 hundred-percent-fullwidth non-hundred-percent-height-scrolling\" style=\"--awb-border-radius-top-left:0px;--awb-border-radius-top-right:0px;--awb-border-radius-bottom-right:0px;--awb-border-radius-bottom-left:0px;--awb-overflow:visible;--awb-flex-wrap:wrap;\" ><div class=\"fusion-builder-row fusion-row\"><div class=\"fusion-layout-column fusion_builder_column fusion-builder-column-0 fusion_builder_column_1_1 1_1 fusion-one-full fusion-column-first fusion-column-last\" style=\"--awb-bg-size:cover;\"><div class=\"fusion-column-wrapper fusion-flex-column-wrapper-legacy\"><div class=\"fusion-text fusion-text-1\"><h3 style=\"text-align: center;\">SERVEIS EN L\u00cdNIA<\/h3>\n<p>&#8211; Consulta el <strong>cat\u00e0leg<\/strong> de les Biblioteques P\u00fabliques de Catalunya i fes les teves reserves de llibres a <a href=\"http:\/\/atena.biblioteques.cat\/\">http:\/\/atena.biblioteques.cat\/<\/a>&nbsp;<\/p>\n<p>&#8211; Accedeix al teu <strong>compte personal <\/strong>per fer qualsevol modificaci\u00f3 de les teves dades &nbsp;(pin, adre\u00e7a, tel\u00e8fon, etc.). Tamb\u00e9 podr\u00e0s veure totes els llibres que tens en pr\u00e9stec f\u00edsicament, fer renovacions, veure historial de pr\u00e9stecs, entre d&#8217;altres opcions, accedint a <a href=\"https:\/\/elmeuargus.biblioteques.gencat.cat\/\">https:\/\/elmeuargus.biblioteques.gencat.cat\/<\/a><\/p>\n<p>&#8211; Accedeix a la plataforma gratu\u00efta <strong>eBiblio &#8211; Biblio Digital<\/strong> (<a href=\"http:\/\/ebiblio.cat\/\">http:\/\/ebiblio.cat\/<\/a>) per visualitzar pel\u00b7l\u00edcules, prestar llibres electr\u00f2nics, revistes, diaris i llegir-los amb el m\u00f2bil, tableta, ordinador o lector. Podeu accedir via web o descarregar <a href=\"https:\/\/play.google.com\/store\/apps\/details?id=es.odilo.ebiblio&amp;hl=ca&amp;gl=US\">APP Biblio Digital<\/a>.&nbsp;<\/p>\n<p>Per a qualsevol dubte poseu-vos en contacte amb la Biblioteca per <a href=\"https:\/\/wa.me\/message\/C5TWIWILMXXEA1\">WhatsApp<\/a>, correu electr\u00f2nic escrivint a <a href=\"mailto:biblioteca@gandesa.cat\">biblioteca@gandesa.cat<\/a> o trucant al tel\u00e8fon 977420555.<\/p>\n<p><a href=\"https:\/\/gandesa.cat\/biblioteca\/wp-content\/uploads\/sites\/2\/2020\/08\/biblio.png\"><img decoding=\"async\" class=\"size-full wp-image-262 aligncenter\" src=\"https:\/\/gandesa.cat\/biblioteca\/wp-content\/uploads\/sites\/2\/2020\/08\/biblio.png\" alt=\"\" width=\"593\" height=\"354\" srcset=\"https:\/\/gandesa.cat\/biblioteca\/wp-content\/uploads\/sites\/2\/2020\/08\/biblio-300x179.png 300w, https:\/\/gandesa.cat\/biblioteca\/wp-content\/uploads\/sites\/2\/2020\/08\/biblio.png 593w\" sizes=\"(max-width: 593px) 100vw, 593px\" \/><\/a><\/p>\n<p>&nbsp;<\/p>\n<p>&nbsp;<\/p>\n<\/div><div class=\"fusion-clearfix\"><\/div><\/div><\/div><\/div><\/div><div class=\"fusion-fullwidth fullwidth-box fusion-builder-row-2 nonhundred-percent-fullwidth non-hundred-percent-height-scrolling\" style=\"--awb-background-position:left top;--awb-border-sizes-top:0px;--awb-border-sizes-bottom:0px;--awb-border-sizes-left:0px;--awb-border-sizes-right:0px;--awb-border-radius-top-left:0px;--awb-border-radius-top-right:0px;--awb-border-radius-bottom-right:0px;--awb-border-radius-bottom-left:0px;--awb-padding-top:20px;--awb-padding-bottom:20px;--awb-flex-wrap:wrap;\" ><div class=\"fusion-builder-row fusion-row\"><\/div><\/div><\/p>\n","protected":false},"excerpt":{"rendered":"","protected":false},"author":1,"featured_media":0,"parent":0,"menu_order":0,"comment_status":"closed","ping_status":"closed","template":"","meta":{"_bbp_topic_count":0,"_bbp_reply_count":0,"_bbp_total_topic_count":0,"_bbp_total_reply_count":0,"_bbp_voice_count":0,"_bbp_anonymous_reply_count":0,"_bbp_topic_count_hidden":0,"_bbp_reply_count_hidden":0,"_bbp_forum_subforum_count":0,"ngg_post_thumbnail":0,"footnotes":""},"class_list":["post-26","page","type-page","status-publish","hentry"],"yoast_head":"<!-- This site is optimized with the Yoast SEO plugin v26.4 - https:\/\/yoast.com\/wordpress\/plugins\/seo\/ -->\n<title>Serveis en l\u00ednia - Biblioteca Municipal de Gandesa<\/title>\n<meta name=\"robots\" content=\"index, follow, max-snippet:-1, max-image-preview:large, max-video-preview:-1\" \/>\n<link rel=\"canonical\" href=\"https:\/\/gandesa.cat\/biblioteca\/serveis_en_linia\/\" \/>\n<meta property=\"og:locale\" content=\"ca_ES\" \/>\n<meta property=\"og:type\" content=\"article\" \/>\n<meta property=\"og:title\" content=\"Serveis en l\u00ednia - Biblioteca Municipal de Gandesa\" \/>\n<meta property=\"og:url\" content=\"https:\/\/gandesa.cat\/biblioteca\/serveis_en_linia\/\" \/>\n<meta property=\"og:site_name\" content=\"Biblioteca Municipal de Gandesa\" \/>\n<meta property=\"article:modified_time\" content=\"2021-10-14T12:12:58+00:00\" \/>\n<meta property=\"og:image\" content=\"https:\/\/gandesa.cat\/biblioteca\/wp-content\/uploads\/sites\/2\/2020\/08\/biblio.png\" \/>\n<meta name=\"twitter:card\" content=\"summary_large_image\" \/>\n<meta name=\"twitter:label1\" content=\"Temps estimat de lectura\" \/>\n\t<meta name=\"twitter:data1\" content=\"2 minuts\" \/>\n<script type=\"application\/ld+json\" class=\"yoast-schema-graph\">{\"@context\":\"https:\/\/schema.org\",\"@graph\":[{\"@type\":\"WebPage\",\"@id\":\"https:\/\/gandesa.cat\/biblioteca\/serveis_en_linia\/\",\"url\":\"https:\/\/gandesa.cat\/biblioteca\/serveis_en_linia\/\",\"name\":\"Serveis en l\u00ednia - Biblioteca Municipal de Gandesa\",\"isPartOf\":{\"@id\":\"https:\/\/gandesa.cat\/biblioteca\/#website\"},\"primaryImageOfPage\":{\"@id\":\"https:\/\/gandesa.cat\/biblioteca\/serveis_en_linia\/#primaryimage\"},\"image\":{\"@id\":\"https:\/\/gandesa.cat\/biblioteca\/serveis_en_linia\/#primaryimage\"},\"thumbnailUrl\":\"https:\/\/gandesa.cat\/biblioteca\/wp-content\/uploads\/sites\/2\/2020\/08\/biblio.png\",\"datePublished\":\"2016-06-09T16:46:52+00:00\",\"dateModified\":\"2021-10-14T12:12:58+00:00\",\"breadcrumb\":{\"@id\":\"https:\/\/gandesa.cat\/biblioteca\/serveis_en_linia\/#breadcrumb\"},\"inLanguage\":\"ca\",\"potentialAction\":[{\"@type\":\"ReadAction\",\"target\":[\"https:\/\/gandesa.cat\/biblioteca\/serveis_en_linia\/\"]}]},{\"@type\":\"ImageObject\",\"inLanguage\":\"ca\",\"@id\":\"https:\/\/gandesa.cat\/biblioteca\/serveis_en_linia\/#primaryimage\",\"url\":\"https:\/\/gandesa.cat\/biblioteca\/wp-content\/uploads\/sites\/2\/2020\/08\/biblio.png\",\"contentUrl\":\"https:\/\/gandesa.cat\/biblioteca\/wp-content\/uploads\/sites\/2\/2020\/08\/biblio.png\"},{\"@type\":\"BreadcrumbList\",\"@id\":\"https:\/\/gandesa.cat\/biblioteca\/serveis_en_linia\/#breadcrumb\",\"itemListElement\":[{\"@type\":\"ListItem\",\"position\":1,\"name\":\"Home\",\"item\":\"https:\/\/gandesa.cat\/biblioteca\/\"},{\"@type\":\"ListItem\",\"position\":2,\"name\":\"Serveis en l\u00ednia\"}]},{\"@type\":\"WebSite\",\"@id\":\"https:\/\/gandesa.cat\/biblioteca\/#website\",\"url\":\"https:\/\/gandesa.cat\/biblioteca\/\",\"name\":\"Biblioteca Municipal de Gandesa\",\"description\":\"\",\"potentialAction\":[{\"@type\":\"SearchAction\",\"target\":{\"@type\":\"EntryPoint\",\"urlTemplate\":\"https:\/\/gandesa.cat\/biblioteca\/?s={search_term_string}\"},\"query-input\":{\"@type\":\"PropertyValueSpecification\",\"valueRequired\":true,\"valueName\":\"search_term_string\"}}],\"inLanguage\":\"ca\"}]}<\/script>\n<!-- \/ Yoast SEO plugin. -->","yoast_head_json":{"title":"Serveis en l\u00ednia - Biblioteca Municipal de Gandesa","robots":{"index":"index","follow":"follow","max-snippet":"max-snippet:-1","max-image-preview":"max-image-preview:large","max-video-preview":"max-video-preview:-1"},"canonical":"https:\/\/gandesa.cat\/biblioteca\/serveis_en_linia\/","og_locale":"ca_ES","og_type":"article","og_title":"Serveis en l\u00ednia - Biblioteca Municipal de Gandesa","og_url":"https:\/\/gandesa.cat\/biblioteca\/serveis_en_linia\/","og_site_name":"Biblioteca Municipal de Gandesa","article_modified_time":"2021-10-14T12:12:58+00:00","og_image":[{"url":"https:\/\/gandesa.cat\/biblioteca\/wp-content\/uploads\/sites\/2\/2020\/08\/biblio.png","type":"","width":"","height":""}],"twitter_card":"summary_large_image","twitter_misc":{"Temps estimat de lectura":"2 minuts"},"schema":{"@context":"https:\/\/schema.org","@graph":[{"@type":"WebPage","@id":"https:\/\/gandesa.cat\/biblioteca\/serveis_en_linia\/","url":"https:\/\/gandesa.cat\/biblioteca\/serveis_en_linia\/","name":"Serveis en l\u00ednia - Biblioteca Municipal de Gandesa","isPartOf":{"@id":"https:\/\/gandesa.cat\/biblioteca\/#website"},"primaryImageOfPage":{"@id":"https:\/\/gandesa.cat\/biblioteca\/serveis_en_linia\/#primaryimage"},"image":{"@id":"https:\/\/gandesa.cat\/biblioteca\/serveis_en_linia\/#primaryimage"},"thumbnailUrl":"https:\/\/gandesa.cat\/biblioteca\/wp-content\/uploads\/sites\/2\/2020\/08\/biblio.png","datePublished":"2016-06-09T16:46:52+00:00","dateModified":"2021-10-14T12:12:58+00:00","breadcrumb":{"@id":"https:\/\/gandesa.cat\/biblioteca\/serveis_en_linia\/#breadcrumb"},"inLanguage":"ca","potentialAction":[{"@type":"ReadAction","target":["https:\/\/gandesa.cat\/biblioteca\/serveis_en_linia\/"]}]},{"@type":"ImageObject","inLanguage":"ca","@id":"https:\/\/gandesa.cat\/biblioteca\/serveis_en_linia\/#primaryimage","url":"https:\/\/gandesa.cat\/biblioteca\/wp-content\/uploads\/sites\/2\/2020\/08\/biblio.png","contentUrl":"https:\/\/gandesa.cat\/biblioteca\/wp-content\/uploads\/sites\/2\/2020\/08\/biblio.png"},{"@type":"BreadcrumbList","@id":"https:\/\/gandesa.cat\/biblioteca\/serveis_en_linia\/#breadcrumb","itemListElement":[{"@type":"ListItem","position":1,"name":"Home","item":"https:\/\/gandesa.cat\/biblioteca\/"},{"@type":"ListItem","position":2,"name":"Serveis en l\u00ednia"}]},{"@type":"WebSite","@id":"https:\/\/gandesa.cat\/biblioteca\/#website","url":"https:\/\/gandesa.cat\/biblioteca\/","name":"Biblioteca Municipal de Gandesa","description":"","potentialAction":[{"@type":"SearchAction","target":{"@type":"EntryPoint","urlTemplate":"https:\/\/gandesa.cat\/biblioteca\/?s={search_term_string}"},"query-input":{"@type":"PropertyValueSpecification","valueRequired":true,"valueName":"search_term_string"}}],"inLanguage":"ca"}]}},"_links":{"self":[{"href":"https:\/\/gandesa.cat\/biblioteca\/wp-json\/wp\/v2\/pages\/26","targetHints":{"allow":["GET"]}}],"collection":[{"href":"https:\/\/gandesa.cat\/biblioteca\/wp-json\/wp\/v2\/pages"}],"about":[{"href":"https:\/\/gandesa.cat\/biblioteca\/wp-json\/wp\/v2\/types\/page"}],"author":[{"embeddable":true,"href":"https:\/\/gandesa.cat\/biblioteca\/wp-json\/wp\/v2\/users\/1"}],"replies":[{"embeddable":true,"href":"https:\/\/gandesa.cat\/biblioteca\/wp-json\/wp\/v2\/comments?post=26"}],"version-history":[{"count":12,"href":"https:\/\/gandesa.cat\/biblioteca\/wp-json\/wp\/v2\/pages\/26\/revisions"}],"predecessor-version":[{"id":313,"href":"https:\/\/gandesa.cat\/biblioteca\/wp-json\/wp\/v2\/pages\/26\/revisions\/313"}],"wp:attachment":[{"href":"https:\/\/gandesa.cat\/biblioteca\/wp-json\/wp\/v2\/media?parent=26"}],"curies":[{"name":"wp","href":"https:\/\/api.w.org\/{rel}","templated":true}]}}