{"id":54,"date":"2016-06-15T11:36:44","date_gmt":"2016-06-15T11:36:44","guid":{"rendered":"https:\/\/gandesa.cat\/biblioteca\/?page_id=54"},"modified":"2023-05-06T09:41:23","modified_gmt":"2023-05-06T09:41:23","slug":"butlletins-bibliografics","status":"publish","type":"page","link":"https:\/\/gandesa.cat\/biblioteca\/butlletins-bibliografics\/","title":{"rendered":"Butlletins bibliogr\u00e0fics"},"content":{"rendered":"<div class=\"fusion-fullwidth fullwidth-box fusion-builder-row-1 llistat_butlletins nonhundred-percent-fullwidth non-hundred-percent-height-scrolling\" style=\"--awb-background-position:left top;--awb-border-sizes-top:0px;--awb-border-sizes-bottom:0px;--awb-border-sizes-left:0px;--awb-border-sizes-right:0px;--awb-border-radius-top-left:0px;--awb-border-radius-top-right:0px;--awb-border-radius-bottom-right:0px;--awb-border-radius-bottom-left:0px;--awb-padding-top:20px;--awb-padding-bottom:20px;--awb-flex-wrap:wrap;\" ><div class=\"fusion-builder-row fusion-row\"><div class=\"fusion-layout-column fusion_builder_column fusion-builder-column-0 fusion_builder_column_1_1 1_1 fusion-one-full fusion-column-first fusion-column-last fusion-column-no-min-height\" style=\"--awb-bg-size:cover;--awb-margin-bottom:0px;\"><div class=\"fusion-column-wrapper fusion-flex-column-wrapper-legacy\"><div class=\"fusion-text fusion-text-1\"><h2><span class=\"titolnivell\">Butlletins bibliogr\u00e0fics<\/span><\/h2>\n<!-- WPFB searchform -->\t\t<form role=\"search\" class=\"searchform fusion-search-form  fusion-search-form-clean\" method=\"get\" action=\"\"> \t\t\t<div class=\"fusion-search-form-content\">  \t\t\t\t \t\t\t\t<div class=\"fusion-search-field search-field\"> \t\t\t\t\t<label><span class=\"screen-reader-text\">Cerca \u2026<\/span> \t\t\t\t\t\t\t\t\t\t\t\t\t<input type=\"search\" value=\"\" name=\"wpfb_s\" class=\"s\" placeholder=\"Cercar...\" required aria-required=\"true\" aria-label=\"Cercar...\"\/> \t\t\t\t\t\t\t\t\t\t\t<\/label> \t\t\t\t<\/div> \t\t\t\t<div class=\"fusion-search-button search-button\"> \t\t\t\t\t<input type=\"submit\" class=\"fusion-search-submit searchsubmit\" aria-label=\"Cerca\" value=\"&#xf002;\" \/> \t\t\t\t\t\t\t\t\t<\/div>  \t\t\t\t \t\t\t<\/div>   \t\t\t \t\t<\/form> \t\t<!-- \/WPFB searchform -->\n<table>\n<thead>\n\t<tr><th scope=\"col\"><a href=\"\/biblioteca\/wp-json\/wp\/v2\/pages\/54?wpfb_file_sort=&lt;file_name\">Name<\/a><\/th><th scope=\"col\"><a href=\"\/biblioteca\/wp-json\/wp\/v2\/pages\/54?wpfb_file_sort=&lt;file_size\">Size<\/a><\/th><th scope=\"col\"><a href=\"\/biblioteca\/wp-json\/wp\/v2\/pages\/54?wpfb_file_sort=&lt;file_hits\">Hits<\/a><\/th><\/tr>\n<\/thead>\n<tfoot>\n\t<tr><th scope=\"col\"><a href=\"\/biblioteca\/wp-json\/wp\/v2\/pages\/54?wpfb_file_sort=&lt;file_name\">Name<\/a><\/th><th scope=\"col\"><a href=\"\/biblioteca\/wp-json\/wp\/v2\/pages\/54?wpfb_file_sort=&lt;file_size\">Size<\/a><\/th><th scope=\"col\"><a href=\"\/biblioteca\/wp-json\/wp\/v2\/pages\/54?wpfb_file_sort=&lt;file_hits\">Hits<\/a><\/th><\/tr>\n<\/tfoot>\n<tbody><tr><td><a href=\"https:\/\/gandesa.cat\/biblioteca\/download\/butlletins_bibliografics\/2026-03-Dones-i-feminismes.pdf\">Dones i feminismes (mar\u00e7 2026)<\/a><\/td><td>4.1 MiB<\/td><td>108<\/td><\/tr><tr><td><a href=\"https:\/\/gandesa.cat\/biblioteca\/download\/butlletins_bibliografics\/2026-03-Jocs-de-taula.pdf\">Cat\u00e0leg Jocs de Taula (mar\u00e7 2026)<\/a><\/td><td>2.8 MiB<\/td><td>89<\/td><\/tr><tr><td><a href=\"https:\/\/gandesa.cat\/biblioteca\/download\/butlletins_bibliografics\/2025-08-Kamishibais.pdf\">Cat\u00e0leg Kamishibai Biblioteca de Gandesa (agost 2025)<\/a><\/td><td>667.7 KiB<\/td><td>88<\/td><\/tr><tr><td><a href=\"https:\/\/gandesa.cat\/biblioteca\/download\/butlletins_bibliografics\/2025-08_LOTS_LLIBRES_2.pdf\">Lots de llibres de la Biblioteca de Gandesa (agost 2025)<\/a><\/td><td>1.6 MiB<\/td><td>159<\/td><\/tr><tr><td><a href=\"https:\/\/gandesa.cat\/biblioteca\/download\/butlletins_bibliografics\/2025-08-Jocs-de-taula.pdf\">Jocs de taula a la Biblioteca de Gandesa (agost 2025)<\/a><\/td><td>1.8 MiB<\/td><td>180<\/td><\/tr><tr><td><a href=\"https:\/\/gandesa.cat\/biblioteca\/download\/butlletins_bibliografics\/2025-Novetats-Terra-Alta-2024-2025-Sant-Jordi-2025.pdf\">Novetats Terra Alta - Sant Jordi (abril 2025)<\/a><\/td><td>960.0 KiB<\/td><td>122<\/td><\/tr><tr><td><a href=\"https:\/\/gandesa.cat\/biblioteca\/download\/butlletins_bibliografics\/2025-03-Dones-i-feminismes.pdf\">Dones i feminismes (mar\u00e7 2025)<\/a><\/td><td>3.0 MiB<\/td><td>227<\/td><\/tr><tr><td><a href=\"https:\/\/gandesa.cat\/biblioteca\/download\/butlletins_bibliografics\/2024-11_Jocs_de_taula_2.pdf\">Jocs de taula a la Biblioteca de Gandesa (novembre 2024)<\/a><\/td><td>1.5 MiB<\/td><td>121<\/td><\/tr><tr><td><a href=\"https:\/\/gandesa.cat\/biblioteca\/download\/butlletins_bibliografics\/2025_01_Educacio_i_gestio_emocional_web.pdf\">Educaci\u00f3 i gesti\u00f3 emocional (gener 2025)<\/a><\/td><td>1.6 MiB<\/td><td>402<\/td><\/tr><tr><td><a href=\"https:\/\/gandesa.cat\/biblioteca\/download\/butlletins_bibliografics\/2024_10_Educacio_sexual_prevencio_abusos_2.pdf\">Educaci\u00f3 sexual i prevenci\u00f3 d&#039;abusos (octubre 2024)<\/a><\/td><td>1.9 MiB<\/td><td>381<\/td><\/tr><tr><td><a href=\"https:\/\/gandesa.cat\/biblioteca\/download\/butlletins_bibliografics\/2024_Novetats_Terra_Alta_2023_2024_SantJordi2024.pdf\">Novetats Terra Alta - Sant Jordi (abril 2024)<\/a><\/td><td>960.3 KiB<\/td><td>684<\/td><\/tr><tr><td><a href=\"https:\/\/gandesa.cat\/biblioteca\/download\/butlletins_bibliografics\/2024-02_Dones_i_feminismes.pdf\">Dones i feminismes (mar\u00e7 2024)<\/a><\/td><td>2.5 MiB<\/td><td>514<\/td><\/tr><tr><td><a href=\"https:\/\/gandesa.cat\/biblioteca\/download\/butlletins_bibliografics\/2024-02_Jocs_de_taula.pdf\">Jocs de taula a la Biblioteca de Gandesa (febrer 2024)<\/a><\/td><td>1.4 MiB<\/td><td>453<\/td><\/tr><tr><td><a href=\"https:\/\/gandesa.cat\/biblioteca\/download\/butlletins_bibliografics\/2023-05-Control-d-esfinters.pdf\">Control d&#039;esf\u00ednters (maig 2023)<\/a><\/td><td>834.1 KiB<\/td><td>610<\/td><\/tr><tr><td><a href=\"https:\/\/gandesa.cat\/biblioteca\/download\/butlletins_bibliografics\/2023-03_-Adolescencia_i_joventut_Sexualitats_menstruacio_i_espermarquia.pdf\">Adolesc\u00e8ncia i joventut: sexualitats, menstruaci\u00f3 i espermarquia (mar\u00e7 2023)<\/a><\/td><td>1.4 MiB<\/td><td>566<\/td><\/tr><tr><td><a href=\"https:\/\/gandesa.cat\/biblioteca\/download\/butlletins_bibliografics\/2023-03-Relacions-abusives_2.pdf\">Relacions  abusives (mar\u00e7 2023)<\/a><\/td><td>1.5 MiB<\/td><td>394<\/td><\/tr><tr><td><a href=\"https:\/\/gandesa.cat\/biblioteca\/download\/butlletins_bibliografics\/2023-02-Dones-i-feminismes.pdf\">Dones i feminismes (febrer 2023)<\/a><\/td><td>2.3 MiB<\/td><td>551<\/td><\/tr><tr><td><a href=\"https:\/\/gandesa.cat\/biblioteca\/download\/butlletins_bibliografics\/2023-02-Jocs-de-taula_3.pdf\">Jocs de taula a la Biblioteca de Gandesa (febrer 2023)<\/a><\/td><td>932.8 KiB<\/td><td>527<\/td><\/tr><tr><td><a href=\"https:\/\/gandesa.cat\/biblioteca\/download\/butlletins_bibliografics\/2022-Sexualitat-a-la-maduresa.pdf\">Sexualitat femenina a la maduresa (octubre 2022)\t<\/a><\/td><td>2.2 MiB<\/td><td>623<\/td><\/tr><tr><td><a href=\"https:\/\/gandesa.cat\/biblioteca\/download\/butlletins_bibliografics\/2022-02_Dones_i_feminismes.pdf\">Dones i feminismes (febrer 2022)<\/a><\/td><td>2.5 MiB<\/td><td>732<\/td><\/tr><tr><td><a href=\"https:\/\/gandesa.cat\/biblioteca\/download\/butlletins_bibliografics\/2022-02_dol_gestacional_i_perinatal.pdf\">Dol Gestacional I Perinatal (febrer 2022)<\/a><\/td><td>1.1 MiB<\/td><td>485<\/td><\/tr><tr><td><a href=\"https:\/\/gandesa.cat\/biblioteca\/download\/butlletins_bibliografics\/2021-10-Sexualitat-a-la-maduresa.pdf\">Sexualitat femenina a la maduresa (octubre 2021)<\/a><\/td><td>2.0 MiB<\/td><td>624<\/td><\/tr><tr><td><a href=\"https:\/\/gandesa.cat\/biblioteca\/download\/butlletins_bibliografics\/2021-10-parentalitat-i-gestio-emocions.pdf\">Parentalitat i gesti\u00f3 d&#039;emocions (octubre 2021)<\/a><\/td><td>2.2 MiB<\/td><td>1128<\/td><\/tr><tr><td><a href=\"https:\/\/gandesa.cat\/biblioteca\/download\/butlletins_bibliografics\/2021-04-Bullying_3.pdf\">Assetjament escolar (abril 2021)<\/a><\/td><td>1.0 MiB<\/td><td>1046<\/td><\/tr><tr><td><a href=\"https:\/\/gandesa.cat\/biblioteca\/download\/butlletins_bibliografics\/2021-02-Dones-i-feminismes.pdf\">Dones i feminismes (febrer 2021)<\/a><\/td><td>2.4 MiB<\/td><td>702<\/td><\/tr><tr><td><a href=\"https:\/\/gandesa.cat\/biblioteca\/download\/butlletins_bibliografics\/2020-03-Bibliografia-alimentacio-infantil.pdf\">Alimentaci\u00f3 infantil (agost 2020)<\/a><\/td><td>1.0 MiB<\/td><td>664<\/td><\/tr><tr><td><a href=\"https:\/\/gandesa.cat\/biblioteca\/download\/butlletins_bibliografics\/2020-04-embaras-part-postpart.pdf\">Embar\u00e0s, part, postpart i maternitat (arbil 2020)<\/a><\/td><td>1.9 MiB<\/td><td>1051<\/td><\/tr><tr><td><a href=\"https:\/\/gandesa.cat\/biblioteca\/download\/butlletins_bibliografics\/2020-03-Sexualitat-a-la-maduresa.pdf\">Sexualitat femenina a la maduresa (mar\u00e7 2020)<\/a><\/td><td>1.6 MiB<\/td><td>1190<\/td><\/tr><tr><td><a href=\"https:\/\/gandesa.cat\/biblioteca\/download\/butlletins_bibliografics\/2019-12-Sexualitat-v3_2.pdf\">Sexualitat III (desembre 2019)<\/a><\/td><td>1.1 MiB<\/td><td>1521<\/td><\/tr><tr><td><a href=\"https:\/\/gandesa.cat\/biblioteca\/download\/butlletins_bibliografics\/2019-30-03-dol-gestacional-i-perinatal.pdf\">Dol Gestacional I Perinatal (mar\u00e7 2019)<\/a><\/td><td>945.1 KiB<\/td><td>1630<\/td><\/tr><tr><td><a href=\"https:\/\/gandesa.cat\/biblioteca\/download\/butlletins_bibliografics\/Sexualitat-octubre-2018.pdf\">Sexualitat II (octubre 2018)<\/a><\/td><td>912.0 KiB<\/td><td>733<\/td><\/tr><tr><td><a href=\"https:\/\/gandesa.cat\/biblioteca\/download\/butlletins_bibliografics\/2018-04-bibliografia-emocions-2016-2018.pdf\">Treballem les emocions II (abril 2018)<\/a><\/td><td>753.5 KiB<\/td><td>1574<\/td><\/tr><tr><td><a href=\"https:\/\/gandesa.cat\/biblioteca\/download\/butlletins_bibliografics\/2017-10-rebequeries.pdf\">Rebequeries (octubre 2017)<\/a><\/td><td>487.7 KiB<\/td><td>1182<\/td><\/tr><tr><td><a href=\"https:\/\/gandesa.cat\/biblioteca\/download\/butlletins_bibliografics\/2017-03-embaras-part-postpart.pdf\">Embar\u00e0s, part, postpart i maternitat (mar\u00e7 2017)<\/a><\/td><td>1.1 MiB<\/td><td>1489<\/td><\/tr><tr><td><a href=\"https:\/\/gandesa.cat\/biblioteca\/download\/butlletins_bibliografics\/2016-11-Joc.pdf\">Joc i desenvolupament (novembre 2016)<\/a><\/td><td>757.5 KiB<\/td><td>887<\/td><\/tr><tr><td><a href=\"https:\/\/gandesa.cat\/biblioteca\/download\/butlletins_bibliografics\/2016-10-Bibliografia-Educacio-activa-i-innovacio.pdf\">Educaci\u00f3 activa i innovaci\u00f3 (octubre 2016)<\/a><\/td><td>1.1 MiB<\/td><td>974<\/td><\/tr><tr><td><a href=\"https:\/\/gandesa.cat\/biblioteca\/download\/butlletins_bibliografics\/2016-06-Sexualitat.pdf\"> Sexualitat (juliol 2016)<\/a><\/td><td>1.3 MiB<\/td><td>1461<\/td><\/tr><tr><td><a href=\"https:\/\/gandesa.cat\/biblioteca\/download\/butlletins_bibliografics\/us_de_les_tecnologies_en_la_infancia_maig_20160.pdf\">\u00das de les tecnologies en la inf\u00e0ncia (maig 2016) <\/a><\/td><td>2.0 MiB<\/td><td>775<\/td><\/tr><tr><td><a href=\"https:\/\/gandesa.cat\/biblioteca\/download\/butlletins_bibliografics\/alimentacio_abril_2016.pdf\">Alimentaci\u00f3 infantil (abril 2016) <\/a><\/td><td>910.9 KiB<\/td><td>1002<\/td><\/tr><tr><td><a href=\"https:\/\/gandesa.cat\/biblioteca\/download\/butlletins_bibliografics\/treballem_les_emocions_marc_20160.pdf\">Treballem les emocions (mar\u00e7 2016) <\/a><\/td><td>1.1 MiB<\/td><td>2761<\/td><\/tr><\/tbody>\n<\/table>\n<div class=\"tablenav-pages\"><\/div>\n<\/div><div class=\"fusion-clearfix\"><\/div><\/div><\/div><\/div><\/div>\n","protected":false},"excerpt":{"rendered":"","protected":false},"author":1,"featured_media":0,"parent":0,"menu_order":0,"comment_status":"closed","ping_status":"closed","template":"","meta":{"_bbp_topic_count":0,"_bbp_reply_count":0,"_bbp_total_topic_count":0,"_bbp_total_reply_count":0,"_bbp_voice_count":0,"_bbp_anonymous_reply_count":0,"_bbp_topic_count_hidden":0,"_bbp_reply_count_hidden":0,"_bbp_forum_subforum_count":0,"ngg_post_thumbnail":0,"footnotes":""},"class_list":["post-54","page","type-page","status-publish","hentry"],"yoast_head":"<!-- This site is optimized with the Yoast SEO plugin v26.4 - https:\/\/yoast.com\/wordpress\/plugins\/seo\/ -->\n<title>Butlletins bibliogr\u00e0fics - Biblioteca Municipal de Gandesa<\/title>\n<meta name=\"description\" content=\"Tots els Butlletins Bibliogr\u00e0fics de la Biblioteca de Gandesa: control d&#039;esf\u00ednters, sexualitat, assetjament escolar, embar\u00e0s, alimentaci\u00f3, dones i feminismes, etc.\" \/>\n<meta name=\"robots\" content=\"index, follow, max-snippet:-1, max-image-preview:large, max-video-preview:-1\" \/>\n<link rel=\"canonical\" href=\"https:\/\/gandesa.cat\/biblioteca\/butlletins-bibliografics\/\" \/>\n<meta property=\"og:locale\" content=\"ca_ES\" \/>\n<meta property=\"og:type\" content=\"article\" \/>\n<meta property=\"og:title\" content=\"Butlletins bibliogr\u00e0fics - Biblioteca Municipal de Gandesa\" \/>\n<meta property=\"og:description\" content=\"Tots els Butlletins Bibliogr\u00e0fics de la Biblioteca de Gandesa: control d&#039;esf\u00ednters, sexualitat, assetjament escolar, embar\u00e0s, alimentaci\u00f3, dones i feminismes, etc.\" \/>\n<meta property=\"og:url\" content=\"https:\/\/gandesa.cat\/biblioteca\/butlletins-bibliografics\/\" \/>\n<meta property=\"og:site_name\" content=\"Biblioteca Municipal de Gandesa\" \/>\n<meta property=\"article:modified_time\" content=\"2023-05-06T09:41:23+00:00\" \/>\n<meta name=\"twitter:card\" content=\"summary_large_image\" \/>\n<meta name=\"twitter:label1\" content=\"Temps estimat de lectura\" \/>\n\t<meta name=\"twitter:data1\" content=\"1 minut\" \/>\n<script type=\"application\/ld+json\" class=\"yoast-schema-graph\">{\"@context\":\"https:\/\/schema.org\",\"@graph\":[{\"@type\":\"WebPage\",\"@id\":\"https:\/\/gandesa.cat\/biblioteca\/butlletins-bibliografics\/\",\"url\":\"https:\/\/gandesa.cat\/biblioteca\/butlletins-bibliografics\/\",\"name\":\"Butlletins bibliogr\u00e0fics - Biblioteca Municipal de Gandesa\",\"isPartOf\":{\"@id\":\"https:\/\/gandesa.cat\/biblioteca\/#website\"},\"datePublished\":\"2016-06-15T11:36:44+00:00\",\"dateModified\":\"2023-05-06T09:41:23+00:00\",\"description\":\"Tots els Butlletins Bibliogr\u00e0fics de la Biblioteca de Gandesa: control d'esf\u00ednters, sexualitat, assetjament escolar, embar\u00e0s, alimentaci\u00f3, dones i feminismes, etc.\",\"breadcrumb\":{\"@id\":\"https:\/\/gandesa.cat\/biblioteca\/butlletins-bibliografics\/#breadcrumb\"},\"inLanguage\":\"ca\",\"potentialAction\":[{\"@type\":\"ReadAction\",\"target\":[\"https:\/\/gandesa.cat\/biblioteca\/butlletins-bibliografics\/\"]}]},{\"@type\":\"BreadcrumbList\",\"@id\":\"https:\/\/gandesa.cat\/biblioteca\/butlletins-bibliografics\/#breadcrumb\",\"itemListElement\":[{\"@type\":\"ListItem\",\"position\":1,\"name\":\"Home\",\"item\":\"https:\/\/gandesa.cat\/biblioteca\/\"},{\"@type\":\"ListItem\",\"position\":2,\"name\":\"Butlletins bibliogr\u00e0fics\"}]},{\"@type\":\"WebSite\",\"@id\":\"https:\/\/gandesa.cat\/biblioteca\/#website\",\"url\":\"https:\/\/gandesa.cat\/biblioteca\/\",\"name\":\"Biblioteca Municipal de Gandesa\",\"description\":\"\",\"potentialAction\":[{\"@type\":\"SearchAction\",\"target\":{\"@type\":\"EntryPoint\",\"urlTemplate\":\"https:\/\/gandesa.cat\/biblioteca\/?s={search_term_string}\"},\"query-input\":{\"@type\":\"PropertyValueSpecification\",\"valueRequired\":true,\"valueName\":\"search_term_string\"}}],\"inLanguage\":\"ca\"}]}<\/script>\n<!-- \/ Yoast SEO plugin. -->","yoast_head_json":{"title":"Butlletins bibliogr\u00e0fics - Biblioteca Municipal de Gandesa","description":"Tots els Butlletins Bibliogr\u00e0fics de la Biblioteca de Gandesa: control d'esf\u00ednters, sexualitat, assetjament escolar, embar\u00e0s, alimentaci\u00f3, dones i feminismes, etc.","robots":{"index":"index","follow":"follow","max-snippet":"max-snippet:-1","max-image-preview":"max-image-preview:large","max-video-preview":"max-video-preview:-1"},"canonical":"https:\/\/gandesa.cat\/biblioteca\/butlletins-bibliografics\/","og_locale":"ca_ES","og_type":"article","og_title":"Butlletins bibliogr\u00e0fics - Biblioteca Municipal de Gandesa","og_description":"Tots els Butlletins Bibliogr\u00e0fics de la Biblioteca de Gandesa: control d'esf\u00ednters, sexualitat, assetjament escolar, embar\u00e0s, alimentaci\u00f3, dones i feminismes, etc.","og_url":"https:\/\/gandesa.cat\/biblioteca\/butlletins-bibliografics\/","og_site_name":"Biblioteca Municipal de Gandesa","article_modified_time":"2023-05-06T09:41:23+00:00","twitter_card":"summary_large_image","twitter_misc":{"Temps estimat de lectura":"1 minut"},"schema":{"@context":"https:\/\/schema.org","@graph":[{"@type":"WebPage","@id":"https:\/\/gandesa.cat\/biblioteca\/butlletins-bibliografics\/","url":"https:\/\/gandesa.cat\/biblioteca\/butlletins-bibliografics\/","name":"Butlletins bibliogr\u00e0fics - Biblioteca Municipal de Gandesa","isPartOf":{"@id":"https:\/\/gandesa.cat\/biblioteca\/#website"},"datePublished":"2016-06-15T11:36:44+00:00","dateModified":"2023-05-06T09:41:23+00:00","description":"Tots els Butlletins Bibliogr\u00e0fics de la Biblioteca de Gandesa: control d'esf\u00ednters, sexualitat, assetjament escolar, embar\u00e0s, alimentaci\u00f3, dones i feminismes, etc.","breadcrumb":{"@id":"https:\/\/gandesa.cat\/biblioteca\/butlletins-bibliografics\/#breadcrumb"},"inLanguage":"ca","potentialAction":[{"@type":"ReadAction","target":["https:\/\/gandesa.cat\/biblioteca\/butlletins-bibliografics\/"]}]},{"@type":"BreadcrumbList","@id":"https:\/\/gandesa.cat\/biblioteca\/butlletins-bibliografics\/#breadcrumb","itemListElement":[{"@type":"ListItem","position":1,"name":"Home","item":"https:\/\/gandesa.cat\/biblioteca\/"},{"@type":"ListItem","position":2,"name":"Butlletins bibliogr\u00e0fics"}]},{"@type":"WebSite","@id":"https:\/\/gandesa.cat\/biblioteca\/#website","url":"https:\/\/gandesa.cat\/biblioteca\/","name":"Biblioteca Municipal de Gandesa","description":"","potentialAction":[{"@type":"SearchAction","target":{"@type":"EntryPoint","urlTemplate":"https:\/\/gandesa.cat\/biblioteca\/?s={search_term_string}"},"query-input":{"@type":"PropertyValueSpecification","valueRequired":true,"valueName":"search_term_string"}}],"inLanguage":"ca"}]}},"_links":{"self":[{"href":"https:\/\/gandesa.cat\/biblioteca\/wp-json\/wp\/v2\/pages\/54","targetHints":{"allow":["GET"]}}],"collection":[{"href":"https:\/\/gandesa.cat\/biblioteca\/wp-json\/wp\/v2\/pages"}],"about":[{"href":"https:\/\/gandesa.cat\/biblioteca\/wp-json\/wp\/v2\/types\/page"}],"author":[{"embeddable":true,"href":"https:\/\/gandesa.cat\/biblioteca\/wp-json\/wp\/v2\/users\/1"}],"replies":[{"embeddable":true,"href":"https:\/\/gandesa.cat\/biblioteca\/wp-json\/wp\/v2\/comments?post=54"}],"version-history":[{"count":14,"href":"https:\/\/gandesa.cat\/biblioteca\/wp-json\/wp\/v2\/pages\/54\/revisions"}],"predecessor-version":[{"id":377,"href":"https:\/\/gandesa.cat\/biblioteca\/wp-json\/wp\/v2\/pages\/54\/revisions\/377"}],"wp:attachment":[{"href":"https:\/\/gandesa.cat\/biblioteca\/wp-json\/wp\/v2\/media?parent=54"}],"curies":[{"name":"wp","href":"https:\/\/api.w.org\/{rel}","templated":true}]}}